{"id":23027,"date":"2021-08-17T11:43:42","date_gmt":"2021-08-17T08:43:42","guid":{"rendered":"https:\/\/umithardal.com\/?page_id=23027"},"modified":"2021-08-17T11:43:43","modified_gmt":"2021-08-17T08:43:43","slug":"applications","status":"publish","type":"page","link":"https:\/\/umithardal.com\/en\/applications\/","title":{"rendered":"Applications"},"content":{"rendered":"<p><div class=\"fusion-fullwidth fullwidth-box fusion-builder-row-1 fusion-flex-container nonhundred-percent-fullwidth non-hundred-percent-height-scrolling\" style=\"--awb-border-radius-top-left:0px;--awb-border-radius-top-right:0px;--awb-border-radius-bottom-right:0px;--awb-border-radius-bottom-left:0px;--awb-padding-top:5vw;--awb-padding-bottom:5vw;--awb-flex-wrap:wrap;\" ><div class=\"fusion-builder-row fusion-row fusion-flex-align-items-stretch fusion-flex-content-wrap\" style=\"max-width:1248px;margin-left: calc(-4% \/ 2 );margin-right: calc(-4% \/ 2 );\"><div class=\"fusion-layout-column fusion_builder_column fusion-builder-column-0 fusion_builder_column_1_2 1_2 fusion-flex-column fusion-column-inner-bg-wrapper fusion-animated\" style=\"--awb-padding-top:6vw;--awb-padding-right:4vw;--awb-padding-bottom:6vw;--awb-padding-left:4vw;--awb-padding-top-small:9vw;--awb-padding-right-small:4vw;--awb-padding-bottom-small:9vw;--awb-padding-left-small:4vw;--awb-overflow:hidden;--awb-inner-bg-color:#004c4c;--awb-inner-bg-color-hover:#004c4c;--awb-inner-bg-image:linear-gradient(180deg, rgba(0,76,76,0.5) 0%,rgba(0,76,76,0.5) 100%),url(https:\/\/umithardal.com\/wp-content\/uploads\/2021\/04\/cene.jpeg);;--awb-inner-bg-size:cover;--awb-border-radius:6px 6px 6px 6px;--awb-inner-bg-border-radius:6px 6px 6px 6px;--awb-inner-bg-overflow:hidden;--awb-width-large:50%;--awb-margin-top-large:0px;--awb-spacing-right-large:3.84%;--awb-margin-bottom-large:0px;--awb-spacing-left-large:3.84%;--awb-width-medium:50%;--awb-order-medium:0;--awb-spacing-right-medium:3.84%;--awb-spacing-left-medium:3.84%;--awb-width-small:100%;--awb-order-small:0;--awb-spacing-right-small:1.92%;--awb-margin-bottom-small:6vw;--awb-spacing-left-small:1.92%;\" data-animationType=\"fadeInUp\" data-animationDuration=\"1.5\" data-animationOffset=\"top-into-view\"><span class=\"fusion-column-inner-bg hover-type-none\"><a class=\"fusion-column-anchor\" href=\"https:\/\/umithardal.com\/en\/jaw-aesthetics\/\"><span class=\"fusion-column-inner-bg-image\"><\/span><\/a><\/span><div class=\"fusion-column-wrapper fusion-column-has-shadow fusion-flex-justify-content-center fusion-content-layout-column fusion-column-has-bg-image\" data-bg-url=\"https:\/\/umithardal.com\/wp-content\/uploads\/2021\/04\/cene.jpeg\"><i class=\"fb-icon-element-1 fb-icon-element fontawesome-icon psychology-thumb circle-no\" style=\"--awb-font-size:55px;--awb-align-self:center;--awb-margin-top:0px;--awb-margin-right:0px;--awb-margin-bottom:30px;--awb-margin-left:0px;\"><\/i><div class=\"fusion-title title fusion-title-1 fusion-title-center fusion-title-text fusion-title-size-two\" style=\"--awb-text-color:#ffffff;\"><div class=\"title-sep-container title-sep-container-left\"><div class=\"title-sep sep-double sep-solid\" style=\"border-color:#e2e2e2;\"><\/div><\/div><span class=\"awb-title-spacer\"><\/span><h2 class=\"fusion-title-heading title-heading-center\" style=\"margin:0;\">Jaw Aesthetics<\/h2><span class=\"awb-title-spacer\"><\/span><div class=\"title-sep-container title-sep-container-right\"><div class=\"title-sep sep-double sep-solid\" style=\"border-color:#e2e2e2;\"><\/div><\/div><\/div><\/div><\/div><div class=\"fusion-layout-column fusion_builder_column fusion-builder-column-1 fusion_builder_column_1_2 1_2 fusion-flex-column fusion-column-inner-bg-wrapper fusion-animated\" style=\"--awb-padding-top:6vw;--awb-padding-right:4vw;--awb-padding-bottom:6vw;--awb-padding-left:4vw;--awb-padding-top-small:9vw;--awb-padding-right-small:4vw;--awb-padding-bottom-small:9vw;--awb-padding-left-small:4vw;--awb-overflow:hidden;--awb-inner-bg-color:#004c4c;--awb-inner-bg-color-hover:#004c4c;--awb-inner-bg-image:linear-gradient(180deg, rgba(0,76,76,0.5) 0%,rgba(0,76,76,0.5) 100%),url(https:\/\/umithardal.com\/wp-content\/uploads\/2018\/12\/s03.jpg);;--awb-inner-bg-size:cover;--awb-border-radius:6px 6px 6px 6px;--awb-inner-bg-border-radius:6px 6px 6px 6px;--awb-inner-bg-overflow:hidden;--awb-width-large:50%;--awb-margin-top-large:0px;--awb-spacing-right-large:3.84%;--awb-margin-bottom-large:0px;--awb-spacing-left-large:3.84%;--awb-width-medium:50%;--awb-order-medium:0;--awb-spacing-right-medium:3.84%;--awb-spacing-left-medium:3.84%;--awb-width-small:100%;--awb-order-small:0;--awb-spacing-right-small:1.92%;--awb-margin-bottom-small:6vw;--awb-spacing-left-small:1.92%;\" data-animationType=\"fadeInUp\" data-animationDuration=\"1.5\" data-animationOffset=\"top-into-view\"><span class=\"fusion-column-inner-bg hover-type-none\"><a class=\"fusion-column-anchor\" href=\"https:\/\/umithardal.com\/en\/ear-aesthetics\/\"><span class=\"fusion-column-inner-bg-image\"><\/span><\/a><\/span><div class=\"fusion-column-wrapper fusion-column-has-shadow fusion-flex-justify-content-center fusion-content-layout-column fusion-column-has-bg-image\" data-bg-url=\"https:\/\/umithardal.com\/wp-content\/uploads\/2018\/12\/s03.jpg\"><i class=\"fb-icon-element-2 fb-icon-element fontawesome-icon psychology-circle circle-no\" style=\"--awb-font-size:55px;--awb-align-self:center;--awb-margin-top:0px;--awb-margin-right:0px;--awb-margin-bottom:30px;--awb-margin-left:0px;\"><\/i><div class=\"fusion-title title fusion-title-2 fusion-title-center fusion-title-text fusion-title-size-two\" style=\"--awb-text-color:#ffffff;\"><div class=\"title-sep-container title-sep-container-left\"><div class=\"title-sep sep-double sep-solid\" style=\"border-color:#e2e2e2;\"><\/div><\/div><span class=\"awb-title-spacer\"><\/span><h2 class=\"fusion-title-heading title-heading-center\" style=\"margin:0;\">Ear Aesthetics<\/h2><span class=\"awb-title-spacer\"><\/span><div class=\"title-sep-container title-sep-container-right\"><div class=\"title-sep sep-double sep-solid\" style=\"border-color:#e2e2e2;\"><\/div><\/div><\/div><\/div><\/div><\/div><\/div><div class=\"fusion-fullwidth fullwidth-box fusion-builder-row-2 fusion-flex-container nonhundred-percent-fullwidth non-hundred-percent-height-scrolling\" style=\"--awb-border-radius-top-left:0px;--awb-border-radius-top-right:0px;--awb-border-radius-bottom-right:0px;--awb-border-radius-bottom-left:0px;--awb-padding-top:5vw;--awb-padding-bottom:5vw;--awb-flex-wrap:wrap;\" ><div class=\"fusion-builder-row fusion-row fusion-flex-align-items-stretch fusion-flex-content-wrap\" style=\"max-width:1248px;margin-left: calc(-4% \/ 2 );margin-right: calc(-4% \/ 2 );\"><div class=\"fusion-layout-column fusion_builder_column fusion-builder-column-2 fusion_builder_column_1_2 1_2 fusion-flex-column fusion-column-inner-bg-wrapper fusion-animated\" style=\"--awb-padding-top:6vw;--awb-padding-right:4vw;--awb-padding-bottom:6vw;--awb-padding-left:4vw;--awb-padding-top-small:9vw;--awb-padding-right-small:4vw;--awb-padding-bottom-small:9vw;--awb-padding-left-small:4vw;--awb-overflow:hidden;--awb-inner-bg-color:#004c4c;--awb-inner-bg-color-hover:#004c4c;--awb-inner-bg-image:linear-gradient(180deg, rgba(0,76,76,0.5) 0%,rgba(0,76,76,0.5) 100%),url(https:\/\/umithardal.com\/wp-content\/uploads\/2021\/04\/unnamed-1.png);;--awb-inner-bg-size:cover;--awb-border-radius:6px 6px 6px 6px;--awb-inner-bg-border-radius:6px 6px 6px 6px;--awb-inner-bg-overflow:hidden;--awb-width-large:50%;--awb-margin-top-large:0px;--awb-spacing-right-large:3.84%;--awb-margin-bottom-large:0px;--awb-spacing-left-large:3.84%;--awb-width-medium:50%;--awb-order-medium:0;--awb-spacing-right-medium:3.84%;--awb-spacing-left-medium:3.84%;--awb-width-small:100%;--awb-order-small:0;--awb-spacing-right-small:1.92%;--awb-margin-bottom-small:6vw;--awb-spacing-left-small:1.92%;\" data-animationType=\"fadeInUp\" data-animationDuration=\"1.5\" data-animationOffset=\"top-into-view\"><span class=\"fusion-column-inner-bg hover-type-none\"><a class=\"fusion-column-anchor\" href=\"https:\/\/umithardal.com\/en\/sinus-surgery\/\"><span class=\"fusion-column-inner-bg-image\"><\/span><\/a><\/span><div class=\"fusion-column-wrapper fusion-column-has-shadow fusion-flex-justify-content-center fusion-content-layout-column fusion-column-has-bg-image\" data-bg-url=\"https:\/\/umithardal.com\/wp-content\/uploads\/2021\/04\/unnamed-1.png\"><i class=\"fb-icon-element-3 fb-icon-element fontawesome-icon psychology-circle circle-no\" style=\"--awb-font-size:55px;--awb-align-self:center;--awb-margin-top:0px;--awb-margin-right:0px;--awb-margin-bottom:30px;--awb-margin-left:0px;\"><\/i><div class=\"fusion-title title fusion-title-3 fusion-title-center fusion-title-text fusion-title-size-two\" style=\"--awb-text-color:#ffffff;\"><div class=\"title-sep-container title-sep-container-left\"><div class=\"title-sep sep-double sep-solid\" style=\"border-color:#e2e2e2;\"><\/div><\/div><span class=\"awb-title-spacer\"><\/span><h2 class=\"fusion-title-heading title-heading-center\" style=\"margin:0;\">Sinus Surgery<\/h2><span class=\"awb-title-spacer\"><\/span><div class=\"title-sep-container title-sep-container-right\"><div class=\"title-sep sep-double sep-solid\" style=\"border-color:#e2e2e2;\"><\/div><\/div><\/div><\/div><\/div><div class=\"fusion-layout-column fusion_builder_column fusion-builder-column-3 fusion_builder_column_1_2 1_2 fusion-flex-column fusion-column-inner-bg-wrapper fusion-animated\" style=\"--awb-padding-top:6vw;--awb-padding-right:4vw;--awb-padding-bottom:6vw;--awb-padding-left:4vw;--awb-padding-top-small:9vw;--awb-padding-right-small:4vw;--awb-padding-bottom-small:9vw;--awb-padding-left-small:4vw;--awb-overflow:hidden;--awb-inner-bg-color:#004c4c;--awb-inner-bg-color-hover:#004c4c;--awb-inner-bg-image:linear-gradient(180deg, rgba(0,76,76,0.5) 0%,rgba(0,76,76,0.5) 100%),url(https:\/\/umithardal.com\/wp-content\/uploads\/2021\/03\/s01-1-1.png);;--awb-inner-bg-size:cover;--awb-border-radius:6px 6px 6px 6px;--awb-inner-bg-border-radius:6px 6px 6px 6px;--awb-inner-bg-overflow:hidden;--awb-width-large:50%;--awb-margin-top-large:0px;--awb-spacing-right-large:3.84%;--awb-margin-bottom-large:0px;--awb-spacing-left-large:3.84%;--awb-width-medium:50%;--awb-order-medium:0;--awb-spacing-right-medium:3.84%;--awb-spacing-left-medium:3.84%;--awb-width-small:100%;--awb-order-small:0;--awb-spacing-right-small:1.92%;--awb-margin-bottom-small:6vw;--awb-spacing-left-small:1.92%;\" data-animationType=\"fadeInUp\" data-animationDuration=\"1.5\" data-animationOffset=\"top-into-view\"><span class=\"fusion-column-inner-bg hover-type-none\"><a class=\"fusion-column-anchor\" href=\"https:\/\/umithardal.com\/en\/aesthetic-filling\/\"><span class=\"fusion-column-inner-bg-image\"><\/span><\/a><\/span><div class=\"fusion-column-wrapper fusion-column-has-shadow fusion-flex-justify-content-center fusion-content-layout-column fusion-column-has-bg-image\" data-bg-url=\"https:\/\/umithardal.com\/wp-content\/uploads\/2021\/03\/s01-1-1.png\"><i class=\"fb-icon-element-4 fb-icon-element fontawesome-icon psychology-thumb circle-no\" style=\"--awb-font-size:55px;--awb-align-self:center;--awb-margin-top:0px;--awb-margin-right:0px;--awb-margin-bottom:30px;--awb-margin-left:0px;\"><\/i><div class=\"fusion-title title fusion-title-4 fusion-title-center fusion-title-text fusion-title-size-two\" style=\"--awb-text-color:#ffffff;\"><div class=\"title-sep-container title-sep-container-left\"><div class=\"title-sep sep-double sep-solid\" style=\"border-color:#e2e2e2;\"><\/div><\/div><span class=\"awb-title-spacer\"><\/span><h2 class=\"fusion-title-heading title-heading-center\" style=\"margin:0;\">Aesthetic Filling<\/h2><span class=\"awb-title-spacer\"><\/span><div class=\"title-sep-container title-sep-container-right\"><div class=\"title-sep sep-double sep-solid\" style=\"border-color:#e2e2e2;\"><\/div><\/div><\/div><\/div><\/div><\/div><\/div><\/p>\n","protected":false},"excerpt":{"rendered":"","protected":false},"author":6,"featured_media":0,"parent":0,"menu_order":0,"comment_status":"closed","ping_status":"closed","template":"100-width.php","meta":{"_joinchat":[],"footnotes":""},"class_list":["post-23027","page","type-page","status-publish","hentry"],"yoast_head":"<!-- This site is optimized with the Yoast SEO plugin v26.9 - https:\/\/yoast.com\/product\/yoast-seo-wordpress\/ -->\n<title>Applications - Burun Estetik Uzman\u0131<\/title>\n<meta name=\"robots\" content=\"noindex, follow, max-snippet:-1, max-image-preview:large, max-video-preview:-1\" \/>\n<meta property=\"og:locale\" content=\"en_US\" \/>\n<meta property=\"og:type\" content=\"article\" \/>\n<meta property=\"og:title\" content=\"Applications - Burun Estetik Uzman\u0131\" \/>\n<meta property=\"og:url\" content=\"https:\/\/umithardal.com\/en\/applications\/\" \/>\n<meta property=\"og:site_name\" content=\"Burun Estetik Uzman\u0131\" \/>\n<meta property=\"article:publisher\" content=\"https:\/\/www.facebook.com\/burunestetikuzmani\" \/>\n<meta property=\"article:modified_time\" content=\"2021-08-17T08:43:43+00:00\" \/>\n<meta name=\"twitter:card\" content=\"summary_large_image\" \/>\n<meta name=\"twitter:label1\" content=\"Est. reading time\" \/>\n\t<meta name=\"twitter:data1\" content=\"12 minutes\" \/>\n<script type=\"application\/ld+json\" class=\"yoast-schema-graph\">{\"@context\":\"https:\/\/schema.org\",\"@graph\":[{\"@type\":\"WebPage\",\"@id\":\"https:\/\/umithardal.com\/en\/applications\/\",\"url\":\"https:\/\/umithardal.com\/en\/applications\/\",\"name\":\"Applications - Burun Estetik Uzman\u0131\",\"isPartOf\":{\"@id\":\"https:\/\/umithardal.com\/en\/#website\"},\"datePublished\":\"2021-08-17T08:43:42+00:00\",\"dateModified\":\"2021-08-17T08:43:43+00:00\",\"breadcrumb\":{\"@id\":\"https:\/\/umithardal.com\/en\/applications\/#breadcrumb\"},\"inLanguage\":\"en-US\",\"potentialAction\":[{\"@type\":\"ReadAction\",\"target\":[\"https:\/\/umithardal.com\/en\/applications\/\"]}]},{\"@type\":\"BreadcrumbList\",\"@id\":\"https:\/\/umithardal.com\/en\/applications\/#breadcrumb\",\"itemListElement\":[{\"@type\":\"ListItem\",\"position\":1,\"name\":\"Ana sayfa\",\"item\":\"https:\/\/umithardal.com\/en\/\"},{\"@type\":\"ListItem\",\"position\":2,\"name\":\"Applications\"}]},{\"@type\":\"WebSite\",\"@id\":\"https:\/\/umithardal.com\/en\/#website\",\"url\":\"https:\/\/umithardal.com\/en\/\",\"name\":\"Burun Estetik Uzman\u0131 Op. Dr. \u00dcmit Hardal\",\"description\":\"Burun Estetik Uzman\u0131\",\"publisher\":{\"@id\":\"https:\/\/umithardal.com\/en\/#organization\"},\"potentialAction\":[{\"@type\":\"SearchAction\",\"target\":{\"@type\":\"EntryPoint\",\"urlTemplate\":\"https:\/\/umithardal.com\/en\/?s={search_term_string}\"},\"query-input\":{\"@type\":\"PropertyValueSpecification\",\"valueRequired\":true,\"valueName\":\"search_term_string\"}}],\"inLanguage\":\"en-US\"},{\"@type\":\"Organization\",\"@id\":\"https:\/\/umithardal.com\/en\/#organization\",\"name\":\"Burun Estetik Uzman\u0131\",\"url\":\"https:\/\/umithardal.com\/en\/\",\"logo\":{\"@type\":\"ImageObject\",\"inLanguage\":\"en-US\",\"@id\":\"https:\/\/umithardal.com\/en\/#\/schema\/logo\/image\/\",\"url\":\"https:\/\/umithardal.com\/wp-content\/uploads\/2018\/12\/logo-siyah-retina.png\",\"contentUrl\":\"https:\/\/umithardal.com\/wp-content\/uploads\/2018\/12\/logo-siyah-retina.png\",\"width\":300,\"height\":177,\"caption\":\"Burun Estetik Uzman\u0131\"},\"image\":{\"@id\":\"https:\/\/umithardal.com\/en\/#\/schema\/logo\/image\/\"},\"sameAs\":[\"https:\/\/www.facebook.com\/burunestetikuzmani\",\"https:\/\/www.instagram.com\/op.dr.umithardal\/\"]}]}<\/script>\n<!-- \/ Yoast SEO plugin. -->","yoast_head_json":{"title":"Applications - Burun Estetik Uzman\u0131","robots":{"index":"noindex","follow":"follow","max-snippet":"max-snippet:-1","max-image-preview":"max-image-preview:large","max-video-preview":"max-video-preview:-1"},"og_locale":"en_US","og_type":"article","og_title":"Applications - Burun Estetik Uzman\u0131","og_url":"https:\/\/umithardal.com\/en\/applications\/","og_site_name":"Burun Estetik Uzman\u0131","article_publisher":"https:\/\/www.facebook.com\/burunestetikuzmani","article_modified_time":"2021-08-17T08:43:43+00:00","twitter_card":"summary_large_image","twitter_misc":{"Est. reading time":"12 minutes"},"schema":{"@context":"https:\/\/schema.org","@graph":[{"@type":"WebPage","@id":"https:\/\/umithardal.com\/en\/applications\/","url":"https:\/\/umithardal.com\/en\/applications\/","name":"Applications - Burun Estetik Uzman\u0131","isPartOf":{"@id":"https:\/\/umithardal.com\/en\/#website"},"datePublished":"2021-08-17T08:43:42+00:00","dateModified":"2021-08-17T08:43:43+00:00","breadcrumb":{"@id":"https:\/\/umithardal.com\/en\/applications\/#breadcrumb"},"inLanguage":"en-US","potentialAction":[{"@type":"ReadAction","target":["https:\/\/umithardal.com\/en\/applications\/"]}]},{"@type":"BreadcrumbList","@id":"https:\/\/umithardal.com\/en\/applications\/#breadcrumb","itemListElement":[{"@type":"ListItem","position":1,"name":"Ana sayfa","item":"https:\/\/umithardal.com\/en\/"},{"@type":"ListItem","position":2,"name":"Applications"}]},{"@type":"WebSite","@id":"https:\/\/umithardal.com\/en\/#website","url":"https:\/\/umithardal.com\/en\/","name":"Burun Estetik Uzman\u0131 Op. Dr. \u00dcmit Hardal","description":"Burun Estetik Uzman\u0131","publisher":{"@id":"https:\/\/umithardal.com\/en\/#organization"},"potentialAction":[{"@type":"SearchAction","target":{"@type":"EntryPoint","urlTemplate":"https:\/\/umithardal.com\/en\/?s={search_term_string}"},"query-input":{"@type":"PropertyValueSpecification","valueRequired":true,"valueName":"search_term_string"}}],"inLanguage":"en-US"},{"@type":"Organization","@id":"https:\/\/umithardal.com\/en\/#organization","name":"Burun Estetik Uzman\u0131","url":"https:\/\/umithardal.com\/en\/","logo":{"@type":"ImageObject","inLanguage":"en-US","@id":"https:\/\/umithardal.com\/en\/#\/schema\/logo\/image\/","url":"https:\/\/umithardal.com\/wp-content\/uploads\/2018\/12\/logo-siyah-retina.png","contentUrl":"https:\/\/umithardal.com\/wp-content\/uploads\/2018\/12\/logo-siyah-retina.png","width":300,"height":177,"caption":"Burun Estetik Uzman\u0131"},"image":{"@id":"https:\/\/umithardal.com\/en\/#\/schema\/logo\/image\/"},"sameAs":["https:\/\/www.facebook.com\/burunestetikuzmani","https:\/\/www.instagram.com\/op.dr.umithardal\/"]}]}},"_links":{"self":[{"href":"https:\/\/umithardal.com\/en\/wp-json\/wp\/v2\/pages\/23027","targetHints":{"allow":["GET"]}}],"collection":[{"href":"https:\/\/umithardal.com\/en\/wp-json\/wp\/v2\/pages"}],"about":[{"href":"https:\/\/umithardal.com\/en\/wp-json\/wp\/v2\/types\/page"}],"author":[{"embeddable":true,"href":"https:\/\/umithardal.com\/en\/wp-json\/wp\/v2\/users\/6"}],"replies":[{"embeddable":true,"href":"https:\/\/umithardal.com\/en\/wp-json\/wp\/v2\/comments?post=23027"}],"version-history":[{"count":3,"href":"https:\/\/umithardal.com\/en\/wp-json\/wp\/v2\/pages\/23027\/revisions"}],"predecessor-version":[{"id":23031,"href":"https:\/\/umithardal.com\/en\/wp-json\/wp\/v2\/pages\/23027\/revisions\/23031"}],"wp:attachment":[{"href":"https:\/\/umithardal.com\/en\/wp-json\/wp\/v2\/media?parent=23027"}],"curies":[{"name":"wp","href":"https:\/\/api.w.org\/{rel}","templated":true}]}}