{"id":23255,"date":"2021-08-26T13:04:12","date_gmt":"2021-08-26T10:04:12","guid":{"rendered":"https:\/\/umithardal.com\/?page_id=23255"},"modified":"2021-08-26T13:08:09","modified_gmt":"2021-08-26T10:08:09","slug":"nose-aesthetics","status":"publish","type":"page","link":"https:\/\/umithardal.com\/ru\/nose-aesthetics\/","title":{"rendered":"\u0420\u0438\u043d\u043e\u043f\u043b\u0430\u0441\u0442\u0438\u043a\u0430"},"content":{"rendered":"<p><div class=\"fusion-fullwidth fullwidth-box fusion-builder-row-1 fusion-flex-container nonhundred-percent-fullwidth non-hundred-percent-height-scrolling\" style=\"--awb-border-radius-top-left:0px;--awb-border-radius-top-right:0px;--awb-border-radius-bottom-right:0px;--awb-border-radius-bottom-left:0px;--awb-padding-top:5vw;--awb-padding-bottom:5vw;--awb-flex-wrap:wrap;\" ><div class=\"fusion-builder-row fusion-row fusion-flex-align-items-stretch fusion-flex-content-wrap\" style=\"max-width:1248px;margin-left: calc(-4% \/ 2 );margin-right: calc(-4% \/ 2 );\"><div class=\"fusion-layout-column fusion_builder_column fusion-builder-column-0 fusion_builder_column_1_2 1_2 fusion-flex-column fusion-column-inner-bg-wrapper fusion-animated\" style=\"--awb-padding-top:6vw;--awb-padding-right:4vw;--awb-padding-bottom:6vw;--awb-padding-left:4vw;--awb-padding-top-small:9vw;--awb-padding-right-small:4vw;--awb-padding-bottom-small:9vw;--awb-padding-left-small:4vw;--awb-overflow:hidden;--awb-inner-bg-color:#004c4c;--awb-inner-bg-color-hover:#004c4c;--awb-inner-bg-image:linear-gradient(180deg, rgba(0,76,76,0.5) 0%,rgba(0,76,76,0.5) 100%),url(https:\/\/umithardal.com\/wp-content\/uploads\/2021\/03\/s01-1-1.png);;--awb-inner-bg-size:cover;--awb-border-radius:6px 6px 6px 6px;--awb-inner-bg-border-radius:6px 6px 6px 6px;--awb-inner-bg-overflow:hidden;--awb-width-large:50%;--awb-margin-top-large:0px;--awb-spacing-right-large:3.84%;--awb-margin-bottom-large:0px;--awb-spacing-left-large:3.84%;--awb-width-medium:50%;--awb-order-medium:0;--awb-spacing-right-medium:3.84%;--awb-spacing-left-medium:3.84%;--awb-width-small:100%;--awb-order-small:0;--awb-spacing-right-small:1.92%;--awb-margin-bottom-small:6vw;--awb-spacing-left-small:1.92%;\" data-animationType=\"fadeInUp\" data-animationDuration=\"1.5\" data-animationOffset=\"top-into-view\"><span class=\"fusion-column-inner-bg hover-type-none\"><a class=\"fusion-column-anchor\" href=\"https:\/\/umithardal.com\/ru\/nose-aesthetics\/nose-aesthetics-for-women\/\"><span class=\"fusion-column-inner-bg-image\"><\/span><\/a><\/span><div class=\"fusion-column-wrapper fusion-column-has-shadow fusion-flex-justify-content-center fusion-content-layout-column fusion-column-has-bg-image\" data-bg-url=\"https:\/\/umithardal.com\/wp-content\/uploads\/2021\/03\/s01-1-1.png\"><i class=\"fb-icon-element-1 fb-icon-element fontawesome-icon psychology-thumb circle-no\" style=\"--awb-font-size:55px;--awb-align-self:center;--awb-margin-top:0px;--awb-margin-right:0px;--awb-margin-bottom:30px;--awb-margin-left:0px;\"><\/i><div class=\"fusion-title title fusion-title-1 fusion-title-center fusion-title-text fusion-title-size-two\" style=\"--awb-text-color:#ffffff;\"><div class=\"title-sep-container title-sep-container-left\"><div class=\"title-sep sep-double sep-solid\" style=\"border-color:#e2e2e2;\"><\/div><\/div><span class=\"awb-title-spacer\"><\/span><h2 class=\"fusion-title-heading title-heading-center\" style=\"margin:0;\">\u0416\u0435\u043d\u0449\u0438\u043d\u0430\u043c<\/h2><span class=\"awb-title-spacer\"><\/span><div class=\"title-sep-container title-sep-container-right\"><div class=\"title-sep sep-double sep-solid\" style=\"border-color:#e2e2e2;\"><\/div><\/div><\/div><\/div><\/div><div class=\"fusion-layout-column fusion_builder_column fusion-builder-column-1 fusion_builder_column_1_2 1_2 fusion-flex-column fusion-column-inner-bg-wrapper fusion-animated\" style=\"--awb-padding-top:6vw;--awb-padding-right:4vw;--awb-padding-bottom:6vw;--awb-padding-left:4vw;--awb-padding-top-small:9vw;--awb-padding-right-small:4vw;--awb-padding-bottom-small:9vw;--awb-padding-left-small:4vw;--awb-overflow:hidden;--awb-inner-bg-color:#004c4c;--awb-inner-bg-color-hover:#004c4c;--awb-inner-bg-image:linear-gradient(180deg, rgba(0,76,76,0.5) 0%,rgba(0,76,76,0.5) 100%),url(https:\/\/umithardal.com\/wp-content\/uploads\/2021\/04\/erkeklericin.jpg);;--awb-inner-bg-size:cover;--awb-border-radius:6px 6px 6px 6px;--awb-inner-bg-border-radius:6px 6px 6px 6px;--awb-inner-bg-overflow:hidden;--awb-width-large:50%;--awb-margin-top-large:0px;--awb-spacing-right-large:3.84%;--awb-margin-bottom-large:0px;--awb-spacing-left-large:3.84%;--awb-width-medium:50%;--awb-order-medium:0;--awb-spacing-right-medium:3.84%;--awb-spacing-left-medium:3.84%;--awb-width-small:100%;--awb-order-small:0;--awb-spacing-right-small:1.92%;--awb-margin-bottom-small:6vw;--awb-spacing-left-small:1.92%;\" data-animationType=\"fadeInUp\" data-animationDuration=\"1.5\" data-animationOffset=\"top-into-view\"><span class=\"fusion-column-inner-bg hover-type-none\"><a class=\"fusion-column-anchor\" href=\"https:\/\/umithardal.com\/ru\/nose-aesthetics\/nose-aesthetics-for-men\/\"><span class=\"fusion-column-inner-bg-image\"><\/span><\/a><\/span><div class=\"fusion-column-wrapper fusion-column-has-shadow fusion-flex-justify-content-center fusion-content-layout-column fusion-column-has-bg-image\" data-bg-url=\"https:\/\/umithardal.com\/wp-content\/uploads\/2021\/04\/erkeklericin.jpg\"><i class=\"fb-icon-element-2 fb-icon-element fontawesome-icon psychology-circle circle-no\" style=\"--awb-font-size:55px;--awb-align-self:center;--awb-margin-top:0px;--awb-margin-right:0px;--awb-margin-bottom:30px;--awb-margin-left:0px;\"><\/i><div class=\"fusion-title title fusion-title-2 fusion-title-center fusion-title-text fusion-title-size-two\" style=\"--awb-text-color:#ffffff;\"><div class=\"title-sep-container title-sep-container-left\"><div class=\"title-sep sep-double sep-solid\" style=\"border-color:#e2e2e2;\"><\/div><\/div><span class=\"awb-title-spacer\"><\/span><h2 class=\"fusion-title-heading title-heading-center\" style=\"margin:0;\">\u041c\u0443\u0436\u0447\u0438\u043d\u0430\u043c<\/h2><span class=\"awb-title-spacer\"><\/span><div class=\"title-sep-container title-sep-container-right\"><div class=\"title-sep sep-double sep-solid\" style=\"border-color:#e2e2e2;\"><\/div><\/div><\/div><\/div><\/div><\/div><\/div><div class=\"fusion-fullwidth fullwidth-box fusion-builder-row-2 fusion-flex-container nonhundred-percent-fullwidth non-hundred-percent-height-scrolling\" style=\"--awb-border-radius-top-left:0px;--awb-border-radius-top-right:0px;--awb-border-radius-bottom-right:0px;--awb-border-radius-bottom-left:0px;--awb-padding-top:5vw;--awb-padding-bottom:5vw;--awb-flex-wrap:wrap;\" ><div class=\"fusion-builder-row fusion-row fusion-flex-align-items-stretch fusion-flex-content-wrap\" style=\"max-width:1248px;margin-left: calc(-4% \/ 2 );margin-right: calc(-4% \/ 2 );\"><div class=\"fusion-layout-column fusion_builder_column fusion-builder-column-2 fusion_builder_column_1_2 1_2 fusion-flex-column fusion-column-inner-bg-wrapper fusion-animated\" style=\"--awb-padding-top:6vw;--awb-padding-right:4vw;--awb-padding-bottom:6vw;--awb-padding-left:4vw;--awb-padding-top-small:9vw;--awb-padding-right-small:4vw;--awb-padding-bottom-small:9vw;--awb-padding-left-small:4vw;--awb-overflow:hidden;--awb-inner-bg-color:#004c4c;--awb-inner-bg-color-hover:#004c4c;--awb-inner-bg-image:linear-gradient(180deg, rgba(0,76,76,0.5) 0%,rgba(0,76,76,0.5) 100%),url(https:\/\/umithardal.com\/wp-content\/uploads\/2021\/04\/cene.jpeg);;--awb-inner-bg-size:cover;--awb-border-radius:6px 6px 6px 6px;--awb-inner-bg-border-radius:6px 6px 6px 6px;--awb-inner-bg-overflow:hidden;--awb-width-large:50%;--awb-margin-top-large:0px;--awb-spacing-right-large:3.84%;--awb-margin-bottom-large:0px;--awb-spacing-left-large:3.84%;--awb-width-medium:50%;--awb-order-medium:0;--awb-spacing-right-medium:3.84%;--awb-spacing-left-medium:3.84%;--awb-width-small:100%;--awb-order-small:0;--awb-spacing-right-small:1.92%;--awb-margin-bottom-small:6vw;--awb-spacing-left-small:1.92%;\" data-animationType=\"fadeInUp\" data-animationDuration=\"1.5\" data-animationOffset=\"top-into-view\"><span class=\"fusion-column-inner-bg hover-type-none\"><a class=\"fusion-column-anchor\" href=\"https:\/\/umithardal.com\/ru\/nose-aesthetics\/revision-rhinoplasty\/\"><span class=\"fusion-column-inner-bg-image\"><\/span><\/a><\/span><div class=\"fusion-column-wrapper fusion-column-has-shadow fusion-flex-justify-content-center fusion-content-layout-column fusion-column-has-bg-image\" data-bg-url=\"https:\/\/umithardal.com\/wp-content\/uploads\/2021\/04\/cene.jpeg\"><i class=\"fb-icon-element-3 fb-icon-element fontawesome-icon psychology-circle circle-no\" style=\"--awb-font-size:55px;--awb-align-self:center;--awb-margin-top:0px;--awb-margin-right:0px;--awb-margin-bottom:30px;--awb-margin-left:0px;\"><\/i><div class=\"fusion-title title fusion-title-3 fusion-title-center fusion-title-text fusion-title-size-two\" style=\"--awb-text-color:#ffffff;\"><div class=\"title-sep-container title-sep-container-left\"><div class=\"title-sep sep-double sep-solid\" style=\"border-color:#e2e2e2;\"><\/div><\/div><span class=\"awb-title-spacer\"><\/span><h2 class=\"fusion-title-heading title-heading-center\" style=\"margin:0;\">\u0420\u0435\u0432\u0438\u0437\u0438\u043e\u043d\u043d\u0430\u044f \u043f\u043b\u0430\u0441\u0442\u0438\u043a\u0430<\/h2><span class=\"awb-title-spacer\"><\/span><div class=\"title-sep-container title-sep-container-right\"><div class=\"title-sep sep-double sep-solid\" style=\"border-color:#e2e2e2;\"><\/div><\/div><\/div><\/div><\/div><div class=\"fusion-layout-column fusion_builder_column fusion-builder-column-3 fusion_builder_column_1_2 1_2 fusion-flex-column fusion-column-inner-bg-wrapper fusion-animated\" style=\"--awb-padding-top:6vw;--awb-padding-right:4vw;--awb-padding-bottom:6vw;--awb-padding-left:4vw;--awb-padding-top-small:9vw;--awb-padding-right-small:4vw;--awb-padding-bottom-small:9vw;--awb-padding-left-small:4vw;--awb-overflow:hidden;--awb-inner-bg-color:#004c4c;--awb-inner-bg-color-hover:#004c4c;--awb-inner-bg-image:linear-gradient(180deg, rgba(0,76,76,0.5) 0%,rgba(0,76,76,0.5) 100%),url(https:\/\/umithardal.com\/wp-content\/uploads\/2021\/04\/fonksiyonel.jpg);;--awb-inner-bg-size:cover;--awb-border-radius:6px 6px 6px 6px;--awb-inner-bg-border-radius:6px 6px 6px 6px;--awb-inner-bg-overflow:hidden;--awb-width-large:50%;--awb-margin-top-large:0px;--awb-spacing-right-large:3.84%;--awb-margin-bottom-large:0px;--awb-spacing-left-large:3.84%;--awb-width-medium:50%;--awb-order-medium:0;--awb-spacing-right-medium:3.84%;--awb-spacing-left-medium:3.84%;--awb-width-small:100%;--awb-order-small:0;--awb-spacing-right-small:1.92%;--awb-margin-bottom-small:6vw;--awb-spacing-left-small:1.92%;\" data-animationType=\"fadeInUp\" data-animationDuration=\"1.5\" data-animationOffset=\"top-into-view\"><span class=\"fusion-column-inner-bg hover-type-none\"><a class=\"fusion-column-anchor\" href=\"https:\/\/umithardal.com\/ru\/nose-aesthetics\/nasal-bone-curvature\/\"><span class=\"fusion-column-inner-bg-image\"><\/span><\/a><\/span><div class=\"fusion-column-wrapper fusion-column-has-shadow fusion-flex-justify-content-center fusion-content-layout-column fusion-column-has-bg-image\" data-bg-url=\"https:\/\/umithardal.com\/wp-content\/uploads\/2021\/04\/fonksiyonel.jpg\"><i class=\"fb-icon-element-4 fb-icon-element fontawesome-icon psychology-thumb circle-no\" style=\"--awb-font-size:55px;--awb-align-self:center;--awb-margin-top:0px;--awb-margin-right:0px;--awb-margin-bottom:30px;--awb-margin-left:0px;\"><\/i><div class=\"fusion-title title fusion-title-4 fusion-title-center fusion-title-text fusion-title-size-two\" style=\"--awb-text-color:#ffffff;\"><div class=\"title-sep-container title-sep-container-left\"><div class=\"title-sep sep-double sep-solid\" style=\"border-color:#e2e2e2;\"><\/div><\/div><span class=\"awb-title-spacer\"><\/span><h2 class=\"fusion-title-heading title-heading-center\" style=\"margin:0;\">\u041a\u043e\u0440\u0440\u0435\u043a\u0446\u0438\u044f \u0410\u0440\u043e\u0447\u043d\u043e\u0433\u043e \u041d\u043e\u0441\u0430<\/h2><span class=\"awb-title-spacer\"><\/span><div class=\"title-sep-container title-sep-container-right\"><div class=\"title-sep sep-double sep-solid\" style=\"border-color:#e2e2e2;\"><\/div><\/div><\/div><\/div><\/div><\/div><\/div><\/p>\n","protected":false},"excerpt":{"rendered":"","protected":false},"author":6,"featured_media":20792,"parent":0,"menu_order":0,"comment_status":"closed","ping_status":"closed","template":"100-width.php","meta":{"_joinchat":[],"footnotes":""},"class_list":["post-23255","page","type-page","status-publish","has-post-thumbnail","hentry"],"yoast_head":"<!-- This site is optimized with the Yoast SEO plugin v26.9 - https:\/\/yoast.com\/product\/yoast-seo-wordpress\/ -->\n<title>\u0420\u0438\u043d\u043e\u043f\u043b\u0430\u0441\u0442\u0438\u043a\u0430 - Burun Estetik Uzman\u0131<\/title>\n<meta name=\"robots\" content=\"noindex, follow, max-snippet:-1, max-image-preview:large, max-video-preview:-1\" \/>\n<meta property=\"og:locale\" content=\"ru_RU\" \/>\n<meta property=\"og:type\" content=\"article\" \/>\n<meta property=\"og:title\" content=\"\u0420\u0438\u043d\u043e\u043f\u043b\u0430\u0441\u0442\u0438\u043a\u0430 - Burun Estetik Uzman\u0131\" \/>\n<meta property=\"og:url\" content=\"https:\/\/umithardal.com\/ru\/nose-aesthetics\/\" \/>\n<meta property=\"og:site_name\" content=\"Burun Estetik Uzman\u0131\" \/>\n<meta property=\"article:publisher\" content=\"https:\/\/www.facebook.com\/burunestetikuzmani\" \/>\n<meta property=\"article:modified_time\" content=\"2021-08-26T10:08:09+00:00\" \/>\n<meta property=\"og:image\" content=\"https:\/\/umithardal.com\/wp-content\/uploads\/2021\/04\/kemikegriligi.jpg\" \/>\n\t<meta property=\"og:image:width\" content=\"1200\" \/>\n\t<meta property=\"og:image:height\" content=\"500\" \/>\n\t<meta property=\"og:image:type\" content=\"image\/jpeg\" \/>\n<meta name=\"twitter:card\" content=\"summary_large_image\" \/>\n<meta name=\"twitter:label1\" content=\"\u041f\u0440\u0438\u043c\u0435\u0440\u043d\u043e\u0435 \u0432\u0440\u0435\u043c\u044f \u0434\u043b\u044f \u0447\u0442\u0435\u043d\u0438\u044f\" \/>\n\t<meta name=\"twitter:data1\" content=\"12 \u043c\u0438\u043d\u0443\u0442\" \/>\n<script type=\"application\/ld+json\" class=\"yoast-schema-graph\">{\"@context\":\"https:\/\/schema.org\",\"@graph\":[{\"@type\":\"WebPage\",\"@id\":\"https:\/\/umithardal.com\/ru\/nose-aesthetics\/\",\"url\":\"https:\/\/umithardal.com\/ru\/nose-aesthetics\/\",\"name\":\"\u0420\u0438\u043d\u043e\u043f\u043b\u0430\u0441\u0442\u0438\u043a\u0430 - Burun Estetik Uzman\u0131\",\"isPartOf\":{\"@id\":\"https:\/\/umithardal.com\/ru\/#website\"},\"primaryImageOfPage\":{\"@id\":\"https:\/\/umithardal.com\/ru\/nose-aesthetics\/#primaryimage\"},\"image\":{\"@id\":\"https:\/\/umithardal.com\/ru\/nose-aesthetics\/#primaryimage\"},\"thumbnailUrl\":\"https:\/\/umithardal.com\/wp-content\/uploads\/2021\/04\/kemikegriligi.jpg\",\"datePublished\":\"2021-08-26T10:04:12+00:00\",\"dateModified\":\"2021-08-26T10:08:09+00:00\",\"breadcrumb\":{\"@id\":\"https:\/\/umithardal.com\/ru\/nose-aesthetics\/#breadcrumb\"},\"inLanguage\":\"ru-RU\",\"potentialAction\":[{\"@type\":\"ReadAction\",\"target\":[\"https:\/\/umithardal.com\/ru\/nose-aesthetics\/\"]}]},{\"@type\":\"ImageObject\",\"inLanguage\":\"ru-RU\",\"@id\":\"https:\/\/umithardal.com\/ru\/nose-aesthetics\/#primaryimage\",\"url\":\"https:\/\/umithardal.com\/wp-content\/uploads\/2021\/04\/kemikegriligi.jpg\",\"contentUrl\":\"https:\/\/umithardal.com\/wp-content\/uploads\/2021\/04\/kemikegriligi.jpg\",\"width\":1200,\"height\":500},{\"@type\":\"BreadcrumbList\",\"@id\":\"https:\/\/umithardal.com\/ru\/nose-aesthetics\/#breadcrumb\",\"itemListElement\":[{\"@type\":\"ListItem\",\"position\":1,\"name\":\"Ana sayfa\",\"item\":\"https:\/\/umithardal.com\/ru\/\"},{\"@type\":\"ListItem\",\"position\":2,\"name\":\"\u0420\u0438\u043d\u043e\u043f\u043b\u0430\u0441\u0442\u0438\u043a\u0430\"}]},{\"@type\":\"WebSite\",\"@id\":\"https:\/\/umithardal.com\/ru\/#website\",\"url\":\"https:\/\/umithardal.com\/ru\/\",\"name\":\"Burun Estetik Uzman\u0131 Op. Dr. \u00dcmit Hardal\",\"description\":\"Burun Estetik Uzman\u0131\",\"publisher\":{\"@id\":\"https:\/\/umithardal.com\/ru\/#organization\"},\"potentialAction\":[{\"@type\":\"SearchAction\",\"target\":{\"@type\":\"EntryPoint\",\"urlTemplate\":\"https:\/\/umithardal.com\/ru\/?s={search_term_string}\"},\"query-input\":{\"@type\":\"PropertyValueSpecification\",\"valueRequired\":true,\"valueName\":\"search_term_string\"}}],\"inLanguage\":\"ru-RU\"},{\"@type\":\"Organization\",\"@id\":\"https:\/\/umithardal.com\/ru\/#organization\",\"name\":\"Burun Estetik Uzman\u0131\",\"url\":\"https:\/\/umithardal.com\/ru\/\",\"logo\":{\"@type\":\"ImageObject\",\"inLanguage\":\"ru-RU\",\"@id\":\"https:\/\/umithardal.com\/ru\/#\/schema\/logo\/image\/\",\"url\":\"https:\/\/umithardal.com\/wp-content\/uploads\/2018\/12\/logo-siyah-retina.png\",\"contentUrl\":\"https:\/\/umithardal.com\/wp-content\/uploads\/2018\/12\/logo-siyah-retina.png\",\"width\":300,\"height\":177,\"caption\":\"Burun Estetik Uzman\u0131\"},\"image\":{\"@id\":\"https:\/\/umithardal.com\/ru\/#\/schema\/logo\/image\/\"},\"sameAs\":[\"https:\/\/www.facebook.com\/burunestetikuzmani\",\"https:\/\/www.instagram.com\/op.dr.umithardal\/\"]}]}<\/script>\n<!-- \/ Yoast SEO plugin. -->","yoast_head_json":{"title":"\u0420\u0438\u043d\u043e\u043f\u043b\u0430\u0441\u0442\u0438\u043a\u0430 - Burun Estetik Uzman\u0131","robots":{"index":"noindex","follow":"follow","max-snippet":"max-snippet:-1","max-image-preview":"max-image-preview:large","max-video-preview":"max-video-preview:-1"},"og_locale":"ru_RU","og_type":"article","og_title":"\u0420\u0438\u043d\u043e\u043f\u043b\u0430\u0441\u0442\u0438\u043a\u0430 - Burun Estetik Uzman\u0131","og_url":"https:\/\/umithardal.com\/ru\/nose-aesthetics\/","og_site_name":"Burun Estetik Uzman\u0131","article_publisher":"https:\/\/www.facebook.com\/burunestetikuzmani","article_modified_time":"2021-08-26T10:08:09+00:00","og_image":[{"width":1200,"height":500,"url":"https:\/\/umithardal.com\/wp-content\/uploads\/2021\/04\/kemikegriligi.jpg","type":"image\/jpeg"}],"twitter_card":"summary_large_image","twitter_misc":{"\u041f\u0440\u0438\u043c\u0435\u0440\u043d\u043e\u0435 \u0432\u0440\u0435\u043c\u044f \u0434\u043b\u044f \u0447\u0442\u0435\u043d\u0438\u044f":"12 \u043c\u0438\u043d\u0443\u0442"},"schema":{"@context":"https:\/\/schema.org","@graph":[{"@type":"WebPage","@id":"https:\/\/umithardal.com\/ru\/nose-aesthetics\/","url":"https:\/\/umithardal.com\/ru\/nose-aesthetics\/","name":"\u0420\u0438\u043d\u043e\u043f\u043b\u0430\u0441\u0442\u0438\u043a\u0430 - Burun Estetik Uzman\u0131","isPartOf":{"@id":"https:\/\/umithardal.com\/ru\/#website"},"primaryImageOfPage":{"@id":"https:\/\/umithardal.com\/ru\/nose-aesthetics\/#primaryimage"},"image":{"@id":"https:\/\/umithardal.com\/ru\/nose-aesthetics\/#primaryimage"},"thumbnailUrl":"https:\/\/umithardal.com\/wp-content\/uploads\/2021\/04\/kemikegriligi.jpg","datePublished":"2021-08-26T10:04:12+00:00","dateModified":"2021-08-26T10:08:09+00:00","breadcrumb":{"@id":"https:\/\/umithardal.com\/ru\/nose-aesthetics\/#breadcrumb"},"inLanguage":"ru-RU","potentialAction":[{"@type":"ReadAction","target":["https:\/\/umithardal.com\/ru\/nose-aesthetics\/"]}]},{"@type":"ImageObject","inLanguage":"ru-RU","@id":"https:\/\/umithardal.com\/ru\/nose-aesthetics\/#primaryimage","url":"https:\/\/umithardal.com\/wp-content\/uploads\/2021\/04\/kemikegriligi.jpg","contentUrl":"https:\/\/umithardal.com\/wp-content\/uploads\/2021\/04\/kemikegriligi.jpg","width":1200,"height":500},{"@type":"BreadcrumbList","@id":"https:\/\/umithardal.com\/ru\/nose-aesthetics\/#breadcrumb","itemListElement":[{"@type":"ListItem","position":1,"name":"Ana sayfa","item":"https:\/\/umithardal.com\/ru\/"},{"@type":"ListItem","position":2,"name":"\u0420\u0438\u043d\u043e\u043f\u043b\u0430\u0441\u0442\u0438\u043a\u0430"}]},{"@type":"WebSite","@id":"https:\/\/umithardal.com\/ru\/#website","url":"https:\/\/umithardal.com\/ru\/","name":"Burun Estetik Uzman\u0131 Op. Dr. \u00dcmit Hardal","description":"Burun Estetik Uzman\u0131","publisher":{"@id":"https:\/\/umithardal.com\/ru\/#organization"},"potentialAction":[{"@type":"SearchAction","target":{"@type":"EntryPoint","urlTemplate":"https:\/\/umithardal.com\/ru\/?s={search_term_string}"},"query-input":{"@type":"PropertyValueSpecification","valueRequired":true,"valueName":"search_term_string"}}],"inLanguage":"ru-RU"},{"@type":"Organization","@id":"https:\/\/umithardal.com\/ru\/#organization","name":"Burun Estetik Uzman\u0131","url":"https:\/\/umithardal.com\/ru\/","logo":{"@type":"ImageObject","inLanguage":"ru-RU","@id":"https:\/\/umithardal.com\/ru\/#\/schema\/logo\/image\/","url":"https:\/\/umithardal.com\/wp-content\/uploads\/2018\/12\/logo-siyah-retina.png","contentUrl":"https:\/\/umithardal.com\/wp-content\/uploads\/2018\/12\/logo-siyah-retina.png","width":300,"height":177,"caption":"Burun Estetik Uzman\u0131"},"image":{"@id":"https:\/\/umithardal.com\/ru\/#\/schema\/logo\/image\/"},"sameAs":["https:\/\/www.facebook.com\/burunestetikuzmani","https:\/\/www.instagram.com\/op.dr.umithardal\/"]}]}},"_links":{"self":[{"href":"https:\/\/umithardal.com\/ru\/wp-json\/wp\/v2\/pages\/23255","targetHints":{"allow":["GET"]}}],"collection":[{"href":"https:\/\/umithardal.com\/ru\/wp-json\/wp\/v2\/pages"}],"about":[{"href":"https:\/\/umithardal.com\/ru\/wp-json\/wp\/v2\/types\/page"}],"author":[{"embeddable":true,"href":"https:\/\/umithardal.com\/ru\/wp-json\/wp\/v2\/users\/6"}],"replies":[{"embeddable":true,"href":"https:\/\/umithardal.com\/ru\/wp-json\/wp\/v2\/comments?post=23255"}],"version-history":[{"count":4,"href":"https:\/\/umithardal.com\/ru\/wp-json\/wp\/v2\/pages\/23255\/revisions"}],"predecessor-version":[{"id":23258,"href":"https:\/\/umithardal.com\/ru\/wp-json\/wp\/v2\/pages\/23255\/revisions\/23258"}],"wp:featuredmedia":[{"embeddable":true,"href":"https:\/\/umithardal.com\/ru\/wp-json\/wp\/v2\/media\/20792"}],"wp:attachment":[{"href":"https:\/\/umithardal.com\/ru\/wp-json\/wp\/v2\/media?parent=23255"}],"curies":[{"name":"wp","href":"https:\/\/api.w.org\/{rel}","templated":true}]}}